{"id":30775,"date":"2025-10-02T09:07:42","date_gmt":"2025-10-02T09:07:42","guid":{"rendered":"https:\/\/ecopackware.com\/?post_type=product&#038;p=30775"},"modified":"2025-10-03T14:42:20","modified_gmt":"2025-10-03T14:42:20","slug":"papel-de-pulpa-de-papel-para-embalaje-de-alimentos-biodegradable-personalizado-portavasos-de-carton-para-bebidas-frias-y-calientes-portavasos-para-cafe-y-te-para-llevar-2-o-4-vasos","status":"publish","type":"product","link":"https:\/\/championecopack.com\/es\/producto\/papel-de-pulpa-de-papel-para-embalaje-de-alimentos-biodegradable-personalizado-portavasos-de-carton-para-bebidas-frias-y-calientes-portavasos-para-cafe-y-te-para-llevar-2-o-4-vasos\/","title":{"rendered":"Portavasos de cart\u00f3n biodegradable personalizado para bebidas fr\u00edas y calientes, para llevar caf\u00e9, t\u00e9 y 2\/4 tazas."},"content":{"rendered":"<h1>Nombre del producto: Envase de alimentos biodegradable personalizado \u2013 Portador de bebidas fr\u00edas y calientes de pulpa de papel | Portavasos de cart\u00f3n de 2\/4 tazas para caf\u00e9 y t\u00e9 para llevar<\/h1>\n<h1>Descripci\u00f3n del Producto<\/h1>\n<p>Mejore su servicio de bebidas con nuestra soluci\u00f3n sostenible de envases biodegradables para alimentos personalizados. Fabricado con pulpa de papel ecol\u00f3gica, este vers\u00e1til portavasos de cart\u00f3n para bebidas fr\u00edas y calientes ofrece un transporte seguro para m\u00faltiples bebidas, a la vez que demuestra el compromiso de su marca con la responsabilidad ambiental. Perfectos para servicios de caf\u00e9 y t\u00e9 para llevar, estos robustos portavasos de 2\/4 est\u00e1n dise\u00f1ados para bebidas fr\u00edas y calientes, lo que los convierte en la opci\u00f3n ideal para cafeter\u00edas, bares de jugos y establecimientos de comida que buscan mejorar su imagen ecol\u00f3gica y la comodidad de sus clientes.<\/p>\n<h1>Caracter\u00edsticas y beneficios clave<\/h1>\n<p>Material ecol\u00f3gico: fabricado con pulpa de papel biodegradable 100%, que apoya los objetivos de sostenibilidad y reduce el impacto ambiental.<br \/>\nRendimiento de doble temperatura: contiene de manera confiable bebidas calientes (caf\u00e9, t\u00e9) y bebidas fr\u00edas (caf\u00e9 helado, batidos, t\u00e9 de burbujas) sin comprometer la integridad estructural.<br \/>\nOportunidades de marca personalizadas: Excelente superficie para imprimir su logotipo, colores y mensaje de marca, convirtiendo cada pedido en una oportunidad de marketing.<br \/>\nDise\u00f1o de transporte seguro: dise\u00f1ado con ranuras de tama\u00f1o preciso para evitar que los vasos se resbalen y se derramen, lo que garantiza que las bebidas lleguen de forma segura a su destino.<br \/>\nManejo f\u00e1cil de usar: Las c\u00f3modas empu\u00f1aduras para los dedos y la distribuci\u00f3n equilibrada del peso hacen que transportar varias bebidas sea muy sencillo para sus clientes.<br \/>\nCapacidad vers\u00e1til: Disponible en configuraciones pr\u00e1cticas de 2 y 4 tazas para satisfacer distintos tama\u00f1os de pedidos y necesidades de los clientes.<\/p>\n<h2>Especificaciones del producto<\/h2>\n<p>Material: Pulpa de papel moldeada (100% biodegradable)<br \/>\nOpciones de capacidad: portavasos para 2 tazas y portavasos para 4 tazas<br \/>\nCompatibilidad de tama\u00f1o de taza: Se adapta a tazas para llevar est\u00e1ndar de 8 oz a 20 oz<br \/>\nRango de temperatura: -20 \u00b0C a 100 \u00b0C (soporta condiciones de calor y fr\u00edo)<br \/>\nPersonalizaci\u00f3n: Impresi\u00f3n a todo color, estampado de logotipo, mensajes de marca.<\/p>\n<p><img fetchpriority=\"high\" decoding=\"async\" class=\"alignnone size-full wp-image-30506\" src=\"https:\/\/championecopack.com\/wp-content\/uploads\/2025\/09\/Hdf67c2bbd7a14367a4909211d2458edce-scaled-1.avif\" alt=\"\" width=\"800\" height=\"1156\" srcset=\"https:\/\/championecopack.com\/wp-content\/uploads\/2025\/09\/Hdf67c2bbd7a14367a4909211d2458edce-scaled-1.avif 1771w, https:\/\/championecopack.com\/wp-content\/uploads\/2025\/09\/Hdf67c2bbd7a14367a4909211d2458edce-scaled-1-208x300.avif 208w, https:\/\/championecopack.com\/wp-content\/uploads\/2025\/09\/Hdf67c2bbd7a14367a4909211d2458edce-scaled-1-553x800.avif 553w, https:\/\/championecopack.com\/wp-content\/uploads\/2025\/09\/Hdf67c2bbd7a14367a4909211d2458edce-scaled-1-768x1110.avif 768w, https:\/\/championecopack.com\/wp-content\/uploads\/2025\/09\/Hdf67c2bbd7a14367a4909211d2458edce-scaled-1-1063x1536.avif 1063w, https:\/\/championecopack.com\/wp-content\/uploads\/2025\/09\/Hdf67c2bbd7a14367a4909211d2458edce-scaled-1-1417x2048.avif 1417w, https:\/\/championecopack.com\/wp-content\/uploads\/2025\/09\/Hdf67c2bbd7a14367a4909211d2458edce-scaled-1-8x12.avif 8w, https:\/\/championecopack.com\/wp-content\/uploads\/2025\/09\/Hdf67c2bbd7a14367a4909211d2458edce-scaled-1-600x867.avif 600w, https:\/\/championecopack.com\/wp-content\/uploads\/2025\/09\/Hdf67c2bbd7a14367a4909211d2458edce-scaled-1-1200x1735.avif 1200w, https:\/\/championecopack.com\/wp-content\/uploads\/2025\/09\/Hdf67c2bbd7a14367a4909211d2458edce-scaled-1-150x217.avif 150w\" sizes=\"(max-width: 800px) 100vw, 800px\" \/><\/p>\n<p><img decoding=\"async\" class=\"alignnone size-full wp-image-30504\" src=\"https:\/\/championecopack.com\/wp-content\/uploads\/2025\/09\/H6034475efa48437d84105dc98525354dz.avif\" alt=\"\" width=\"800\" height=\"537\" srcset=\"https:\/\/championecopack.com\/wp-content\/uploads\/2025\/09\/H6034475efa48437d84105dc98525354dz-18x12.avif 18w, https:\/\/championecopack.com\/wp-content\/uploads\/2025\/09\/H6034475efa48437d84105dc98525354dz-150x100.avif 150w\" sizes=\"(max-width: 800px) 100vw, 800px\" \/><\/p>\n<p><img decoding=\"async\" class=\"alignnone size-full wp-image-30503\" src=\"https:\/\/championecopack.com\/wp-content\/uploads\/2025\/09\/H95307f16aa9b4c2d8667bdccfaa37468E-scaled-1.avif\" alt=\"\" width=\"800\" height=\"1324\" srcset=\"https:\/\/championecopack.com\/wp-content\/uploads\/2025\/09\/H95307f16aa9b4c2d8667bdccfaa37468E-scaled-1.avif 1546w, https:\/\/championecopack.com\/wp-content\/uploads\/2025\/09\/H95307f16aa9b4c2d8667bdccfaa37468E-scaled-1-181x300.avif 181w, https:\/\/championecopack.com\/wp-content\/uploads\/2025\/09\/H95307f16aa9b4c2d8667bdccfaa37468E-scaled-1-483x800.avif 483w, https:\/\/championecopack.com\/wp-content\/uploads\/2025\/09\/H95307f16aa9b4c2d8667bdccfaa37468E-scaled-1-768x1272.avif 768w, https:\/\/championecopack.com\/wp-content\/uploads\/2025\/09\/H95307f16aa9b4c2d8667bdccfaa37468E-scaled-1-928x1536.avif 928w, https:\/\/championecopack.com\/wp-content\/uploads\/2025\/09\/H95307f16aa9b4c2d8667bdccfaa37468E-scaled-1-1237x2048.avif 1237w, https:\/\/championecopack.com\/wp-content\/uploads\/2025\/09\/H95307f16aa9b4c2d8667bdccfaa37468E-scaled-1-7x12.avif 7w, https:\/\/championecopack.com\/wp-content\/uploads\/2025\/09\/H95307f16aa9b4c2d8667bdccfaa37468E-scaled-1-600x994.avif 600w, https:\/\/championecopack.com\/wp-content\/uploads\/2025\/09\/H95307f16aa9b4c2d8667bdccfaa37468E-scaled-1-1200x1987.avif 1200w, https:\/\/championecopack.com\/wp-content\/uploads\/2025\/09\/H95307f16aa9b4c2d8667bdccfaa37468E-scaled-1-150x248.avif 150w\" sizes=\"(max-width: 800px) 100vw, 800px\" \/><\/p>\n<p><img loading=\"lazy\" decoding=\"async\" class=\"alignnone size-full wp-image-30500\" src=\"https:\/\/championecopack.com\/wp-content\/uploads\/2025\/09\/H8d320b49df1a4a7bb345614d0a84aae2r.avif\" alt=\"\" width=\"800\" height=\"914\" srcset=\"https:\/\/championecopack.com\/wp-content\/uploads\/2025\/09\/H8d320b49df1a4a7bb345614d0a84aae2r.avif 1279w, https:\/\/championecopack.com\/wp-content\/uploads\/2025\/09\/H8d320b49df1a4a7bb345614d0a84aae2r-262x300.avif 262w, https:\/\/championecopack.com\/wp-content\/uploads\/2025\/09\/H8d320b49df1a4a7bb345614d0a84aae2r-700x800.avif 700w, https:\/\/championecopack.com\/wp-content\/uploads\/2025\/09\/H8d320b49df1a4a7bb345614d0a84aae2r-768x878.avif 768w, https:\/\/championecopack.com\/wp-content\/uploads\/2025\/09\/H8d320b49df1a4a7bb345614d0a84aae2r-10x12.avif 10w, https:\/\/championecopack.com\/wp-content\/uploads\/2025\/09\/H8d320b49df1a4a7bb345614d0a84aae2r-600x686.avif 600w, https:\/\/championecopack.com\/wp-content\/uploads\/2025\/09\/H8d320b49df1a4a7bb345614d0a84aae2r-1200x1372.avif 1200w, https:\/\/championecopack.com\/wp-content\/uploads\/2025\/09\/H8d320b49df1a4a7bb345614d0a84aae2r-150x171.avif 150w\" sizes=\"(max-width: 800px) 100vw, 800px\" \/><\/p>\n<p><img loading=\"lazy\" decoding=\"async\" class=\"alignnone size-full wp-image-30505\" src=\"https:\/\/championecopack.com\/wp-content\/uploads\/2025\/09\/Ha05c057084a744aca7ebf75b73d9451cE.avif\" alt=\"\" width=\"800\" height=\"800\" srcset=\"https:\/\/championecopack.com\/wp-content\/uploads\/2025\/09\/Ha05c057084a744aca7ebf75b73d9451cE.avif 1965w, https:\/\/championecopack.com\/wp-content\/uploads\/2025\/09\/Ha05c057084a744aca7ebf75b73d9451cE-300x300.avif 300w, https:\/\/championecopack.com\/wp-content\/uploads\/2025\/09\/Ha05c057084a744aca7ebf75b73d9451cE-800x800.avif 800w, https:\/\/championecopack.com\/wp-content\/uploads\/2025\/09\/Ha05c057084a744aca7ebf75b73d9451cE-150x150.avif 150w, https:\/\/championecopack.com\/wp-content\/uploads\/2025\/09\/Ha05c057084a744aca7ebf75b73d9451cE-768x768.avif 768w, https:\/\/championecopack.com\/wp-content\/uploads\/2025\/09\/Ha05c057084a744aca7ebf75b73d9451cE-1536x1536.avif 1536w, https:\/\/championecopack.com\/wp-content\/uploads\/2025\/09\/Ha05c057084a744aca7ebf75b73d9451cE-12x12.avif 12w, https:\/\/championecopack.com\/wp-content\/uploads\/2025\/09\/Ha05c057084a744aca7ebf75b73d9451cE-600x600.avif 600w, https:\/\/championecopack.com\/wp-content\/uploads\/2025\/09\/Ha05c057084a744aca7ebf75b73d9451cE-1200x1200.avif 1200w\" sizes=\"(max-width: 800px) 100vw, 800px\" \/><\/p>\n<p><img loading=\"lazy\" decoding=\"async\" class=\"alignnone size-full wp-image-30502\" src=\"https:\/\/championecopack.com\/wp-content\/uploads\/2025\/09\/H33766e0b7dd34b6dbf1b8a1922c6103fU.avif\" alt=\"\" width=\"800\" height=\"1021\" srcset=\"https:\/\/championecopack.com\/wp-content\/uploads\/2025\/09\/H33766e0b7dd34b6dbf1b8a1922c6103fU.avif 1965w, https:\/\/championecopack.com\/wp-content\/uploads\/2025\/09\/H33766e0b7dd34b6dbf1b8a1922c6103fU-235x300.avif 235w, https:\/\/championecopack.com\/wp-content\/uploads\/2025\/09\/H33766e0b7dd34b6dbf1b8a1922c6103fU-627x800.avif 627w, https:\/\/championecopack.com\/wp-content\/uploads\/2025\/09\/H33766e0b7dd34b6dbf1b8a1922c6103fU-768x981.avif 768w, https:\/\/championecopack.com\/wp-content\/uploads\/2025\/09\/H33766e0b7dd34b6dbf1b8a1922c6103fU-1203x1536.avif 1203w, https:\/\/championecopack.com\/wp-content\/uploads\/2025\/09\/H33766e0b7dd34b6dbf1b8a1922c6103fU-1604x2048.avif 1604w, https:\/\/championecopack.com\/wp-content\/uploads\/2025\/09\/H33766e0b7dd34b6dbf1b8a1922c6103fU-9x12.avif 9w, https:\/\/championecopack.com\/wp-content\/uploads\/2025\/09\/H33766e0b7dd34b6dbf1b8a1922c6103fU-600x766.avif 600w, https:\/\/championecopack.com\/wp-content\/uploads\/2025\/09\/H33766e0b7dd34b6dbf1b8a1922c6103fU-1200x1532.avif 1200w, https:\/\/championecopack.com\/wp-content\/uploads\/2025\/09\/H33766e0b7dd34b6dbf1b8a1922c6103fU-150x192.avif 150w\" sizes=\"(max-width: 800px) 100vw, 800px\" \/><\/p>\n<p><img loading=\"lazy\" decoding=\"async\" class=\"alignnone size-full wp-image-30501\" src=\"https:\/\/championecopack.com\/wp-content\/uploads\/2025\/09\/H19b550d970fe42f29c667e7f8893048bc.avif\" alt=\"\" width=\"800\" height=\"923\" srcset=\"https:\/\/championecopack.com\/wp-content\/uploads\/2025\/09\/H19b550d970fe42f29c667e7f8893048bc.avif 1965w, https:\/\/championecopack.com\/wp-content\/uploads\/2025\/09\/H19b550d970fe42f29c667e7f8893048bc-260x300.avif 260w, https:\/\/championecopack.com\/wp-content\/uploads\/2025\/09\/H19b550d970fe42f29c667e7f8893048bc-693x800.avif 693w, https:\/\/championecopack.com\/wp-content\/uploads\/2025\/09\/H19b550d970fe42f29c667e7f8893048bc-768x886.avif 768w, https:\/\/championecopack.com\/wp-content\/uploads\/2025\/09\/H19b550d970fe42f29c667e7f8893048bc-1331x1536.avif 1331w, https:\/\/championecopack.com\/wp-content\/uploads\/2025\/09\/H19b550d970fe42f29c667e7f8893048bc-1774x2048.avif 1774w, https:\/\/championecopack.com\/wp-content\/uploads\/2025\/09\/H19b550d970fe42f29c667e7f8893048bc-10x12.avif 10w, https:\/\/championecopack.com\/wp-content\/uploads\/2025\/09\/H19b550d970fe42f29c667e7f8893048bc-600x693.avif 600w, https:\/\/championecopack.com\/wp-content\/uploads\/2025\/09\/H19b550d970fe42f29c667e7f8893048bc-1200x1385.avif 1200w, https:\/\/championecopack.com\/wp-content\/uploads\/2025\/09\/H19b550d970fe42f29c667e7f8893048bc-150x173.avif 150w\" sizes=\"(max-width: 800px) 100vw, 800px\" \/><\/p>\n<p><img loading=\"lazy\" decoding=\"async\" class=\"alignnone size-full wp-image-30498\" src=\"https:\/\/championecopack.com\/wp-content\/uploads\/2025\/09\/H4a72ea1e4e8e4387a17422e858b3e247K.avif\" alt=\"\" width=\"800\" height=\"760\" srcset=\"https:\/\/championecopack.com\/wp-content\/uploads\/2025\/09\/H4a72ea1e4e8e4387a17422e858b3e247K.avif 1965w, https:\/\/championecopack.com\/wp-content\/uploads\/2025\/09\/H4a72ea1e4e8e4387a17422e858b3e247K-315x300.avif 315w, https:\/\/championecopack.com\/wp-content\/uploads\/2025\/09\/H4a72ea1e4e8e4387a17422e858b3e247K-841x800.avif 841w, https:\/\/championecopack.com\/wp-content\/uploads\/2025\/09\/H4a72ea1e4e8e4387a17422e858b3e247K-768x730.avif 768w, https:\/\/championecopack.com\/wp-content\/uploads\/2025\/09\/H4a72ea1e4e8e4387a17422e858b3e247K-1536x1461.avif 1536w, https:\/\/championecopack.com\/wp-content\/uploads\/2025\/09\/H4a72ea1e4e8e4387a17422e858b3e247K-13x12.avif 13w, https:\/\/championecopack.com\/wp-content\/uploads\/2025\/09\/H4a72ea1e4e8e4387a17422e858b3e247K-600x571.avif 600w, https:\/\/championecopack.com\/wp-content\/uploads\/2025\/09\/H4a72ea1e4e8e4387a17422e858b3e247K-1200x1141.avif 1200w, https:\/\/championecopack.com\/wp-content\/uploads\/2025\/09\/H4a72ea1e4e8e4387a17422e858b3e247K-150x143.avif 150w\" sizes=\"(max-width: 800px) 100vw, 800px\" \/><\/p>\n<p><img loading=\"lazy\" decoding=\"async\" class=\"alignnone size-full wp-image-30497\" src=\"https:\/\/championecopack.com\/wp-content\/uploads\/2025\/09\/H0ed9d5c3edef40c8978abd386a57eb33W-scaled-1.avif\" alt=\"\" width=\"800\" height=\"1306\" srcset=\"https:\/\/championecopack.com\/wp-content\/uploads\/2025\/09\/H0ed9d5c3edef40c8978abd386a57eb33W-scaled-1.avif 1568w, https:\/\/championecopack.com\/wp-content\/uploads\/2025\/09\/H0ed9d5c3edef40c8978abd386a57eb33W-scaled-1-184x300.avif 184w, https:\/\/championecopack.com\/wp-content\/uploads\/2025\/09\/H0ed9d5c3edef40c8978abd386a57eb33W-scaled-1-490x800.avif 490w, https:\/\/championecopack.com\/wp-content\/uploads\/2025\/09\/H0ed9d5c3edef40c8978abd386a57eb33W-scaled-1-768x1254.avif 768w, https:\/\/championecopack.com\/wp-content\/uploads\/2025\/09\/H0ed9d5c3edef40c8978abd386a57eb33W-scaled-1-941x1536.avif 941w, https:\/\/championecopack.com\/wp-content\/uploads\/2025\/09\/H0ed9d5c3edef40c8978abd386a57eb33W-scaled-1-1254x2048.avif 1254w, https:\/\/championecopack.com\/wp-content\/uploads\/2025\/09\/H0ed9d5c3edef40c8978abd386a57eb33W-scaled-1-7x12.avif 7w, https:\/\/championecopack.com\/wp-content\/uploads\/2025\/09\/H0ed9d5c3edef40c8978abd386a57eb33W-scaled-1-600x980.avif 600w, https:\/\/championecopack.com\/wp-content\/uploads\/2025\/09\/H0ed9d5c3edef40c8978abd386a57eb33W-scaled-1-1200x1959.avif 1200w, https:\/\/championecopack.com\/wp-content\/uploads\/2025\/09\/H0ed9d5c3edef40c8978abd386a57eb33W-scaled-1-150x245.avif 150w\" sizes=\"(max-width: 800px) 100vw, 800px\" \/><\/p>\n<p>&nbsp;<\/p>\n<p>&nbsp;<\/p>\n<p>&nbsp;<\/p>\n<p>&nbsp;<\/p>\n<p>&nbsp;<\/p>","protected":false},"excerpt":{"rendered":"<p>Envases biodegradables personalizados para alimentos: envases de pulpa de papel para bebidas fr\u00edas y calientes, ideales para caf\u00e9 y t\u00e9 para llevar. Portavasos ecol\u00f3gicos de 2\/4 tazas con impresi\u00f3n personalizada. Ideales para negocios de bebidas sostenibles. \u00a1Solicite muestras y precios al por mayor hoy mismo!<\/p>","protected":false},"featured_media":30493,"comment_status":"open","ping_status":"closed","template":"","meta":[],"product_brand":[],"product_cat":[122,129,138,139,151,135],"product_tag":[],"class_list":{"0":"post-30775","1":"product","2":"type-product","3":"status-publish","4":"has-post-thumbnail","6":"product_cat-by-market","7":"product_cat-coffee-shop","8":"product_cat-cup-holders-carriers","9":"product_cat-cup-lids-sleeves","10":"product_cat-paper-coffee-cups","11":"product_cat-paper-cups","13":"first","14":"instock","15":"shipping-taxable","16":"product-type-simple"},"_links":{"self":[{"href":"https:\/\/championecopack.com\/es\/wp-json\/wp\/v2\/product\/30775","targetHints":{"allow":["GET"]}}],"collection":[{"href":"https:\/\/championecopack.com\/es\/wp-json\/wp\/v2\/product"}],"about":[{"href":"https:\/\/championecopack.com\/es\/wp-json\/wp\/v2\/types\/product"}],"replies":[{"embeddable":true,"href":"https:\/\/championecopack.com\/es\/wp-json\/wp\/v2\/comments?post=30775"}],"version-history":[{"count":5,"href":"https:\/\/championecopack.com\/es\/wp-json\/wp\/v2\/product\/30775\/revisions"}],"predecessor-version":[{"id":31534,"href":"https:\/\/championecopack.com\/es\/wp-json\/wp\/v2\/product\/30775\/revisions\/31534"}],"wp:featuredmedia":[{"embeddable":true,"href":"https:\/\/championecopack.com\/es\/wp-json\/wp\/v2\/media\/30493"}],"wp:attachment":[{"href":"https:\/\/championecopack.com\/es\/wp-json\/wp\/v2\/media?parent=30775"}],"wp:term":[{"taxonomy":"product_brand","embeddable":true,"href":"https:\/\/championecopack.com\/es\/wp-json\/wp\/v2\/product_brand?post=30775"},{"taxonomy":"product_cat","embeddable":true,"href":"https:\/\/championecopack.com\/es\/wp-json\/wp\/v2\/product_cat?post=30775"},{"taxonomy":"product_tag","embeddable":true,"href":"https:\/\/championecopack.com\/es\/wp-json\/wp\/v2\/product_tag?post=30775"}],"curies":[{"name":"wp","href":"https:\/\/api.w.org\/{rel}","templated":true}]}}