{"id":31510,"date":"2025-10-03T11:13:41","date_gmt":"2025-10-03T11:13:41","guid":{"rendered":"https:\/\/ecopackware.com\/?post_type=product&#038;p=31510"},"modified":"2025-10-03T11:13:41","modified_gmt":"2025-10-03T11:13:41","slug":"cajas-de-sushi-de-papel-personalizadas-venta-al-por-mayor-embalaje-ecologico-de-marca","status":"publish","type":"product","link":"https:\/\/championecopack.com\/es\/producto\/cajas-de-sushi-de-papel-personalizadas-venta-al-por-mayor-embalaje-ecologico-de-marca\/","title":{"rendered":"Cajas de papel personalizadas para sushi al por mayor | Embalaje ecol\u00f3gico y de marca"},"content":{"rendered":"<h1 class=\"ds-markdown-paragraph\"><strong>Eleve su sushi con cajas de papel personalizadas a precio mayorista<\/strong><\/h1>\n<p class=\"ds-markdown-paragraph\">Bienvenido al destino definitivo para\u00a0<strong>Cajas de papel premium para sushi al por mayor<\/strong>Entendemos que en el mundo de las artes culinarias, la presentaci\u00f3n es tan crucial como el sabor. Nuestra colecci\u00f3n est\u00e1 meticulosamente elaborada para ofrecer una armon\u00eda perfecta entre funcionalidad robusta y est\u00e9tica elegante, garantizando que su sushi llegue tan fresco y hermoso como reci\u00e9n preparado.<\/p>\n<h2 class=\"ds-markdown-paragraph\"><strong>\u00a0\u00bfPor qu\u00e9 elegir nuestras cajas de sushi al por mayor?<\/strong><\/h2>\n<p class=\"ds-markdown-paragraph\">Nuestro\u00a0<strong>cajas de sushi de papel personalizadas<\/strong>\u00a0Son m\u00e1s que simples contenedores; son una extensi\u00f3n de su marca y una promesa de calidad para sus clientes.<\/p>\n<ul>\n<li>\n<p class=\"ds-markdown-paragraph\"><strong>Conservaci\u00f3n superior de la frescura:<\/strong>\u00a0Dise\u00f1adas con pliegues precisos y cierres seguros, nuestras cajas retienen la humedad y el sabor, protegiendo sus delicados rollos de sushi, nigiri y sashimi durante el transporte.<\/p>\n<\/li>\n<li>\n<p class=\"ds-markdown-paragraph\"><strong>Durabilidad inigualable:<\/strong>\u00a0Fabricado con materiales de alta calidad,\u00a0<strong>cart\u00f3n ecol\u00f3gico<\/strong>Nuestras cajas son resistentes y a prueba de fugas, lo que evita que se empapen y garantiza que sus creaciones se mantengan perfectamente intactas.<\/p>\n<\/li>\n<li>\n<p class=\"ds-markdown-paragraph\"><strong>Montaje sencillo y practicidad:<\/strong>\u00a0Dise\u00f1adas para brindar velocidad y eficiencia en un entorno de cocina de ritmo r\u00e1pido, nuestras cajas cuentan con un dise\u00f1o de ensamblaje f\u00e1cil de usar y sin complicaciones.<\/p>\n<\/li>\n<\/ul>\n<h2 class=\"ds-markdown-paragraph\"><strong>Personalizaci\u00f3n ilimitada para su marca \u00fanica<\/strong><\/h2>\n<p class=\"ds-markdown-paragraph\">Haz tu\u00a0<strong>envases de sushi<\/strong>\u00a0Una poderosa herramienta de marketing. Destaca entre la competencia con una imagen \u00fanica.<\/p>\n<ul>\n<li>\n<p class=\"ds-markdown-paragraph\"><strong>Tama\u00f1os y formas personalizados:<\/strong>\u00a0Ya sea que necesite cajas cl\u00e1sicas estilo bento, bandejas largas para panecillos o cajas compartimentadas para comidas combinadas, tenemos la opci\u00f3n perfecta.<\/p>\n<\/li>\n<li>\n<p class=\"ds-markdown-paragraph\"><strong>Marca a todo color:<\/strong>\u00a0Imprima su logotipo, los colores de su marca, informaci\u00f3n de contacto y un dise\u00f1o impresionante con detalles vibrantes y de alta definici\u00f3n. Convierta cada pedido para llevar en una experiencia de marca.<\/p>\n<\/li>\n<li>\n<p class=\"ds-markdown-paragraph\"><strong>Materiales eco-conscientes:<\/strong>\u00a0Atraiga al cliente moderno y consciente del medio ambiente. Nuestra gama incluye materiales de papel reciclados y de origen sostenible.<\/p>\n<\/li>\n<li>\n<p class=\"ds-markdown-paragraph\"><strong>Acabados especiales:<\/strong>\u00a0Agregue un toque de lujo con opciones como laminaci\u00f3n brillante o mate, impresi\u00f3n UV localizada y relieve para que su dise\u00f1o resalte.<\/p>\n<\/li>\n<\/ul>\n<h2 class=\"ds-markdown-paragraph\"><strong>\u00a0Perfecto para una amplia gama de negocios<\/strong><\/h2>\n<p class=\"ds-markdown-paragraph\">Nuestro\u00a0<strong>embalaje de sushi al por mayor<\/strong>\u00a0Nuestras soluciones son ideales para empresas de todos los tama\u00f1os que buscan escalar sus operaciones sin comprometer la calidad.<\/p>\n<ul>\n<li>\n<p class=\"ds-markdown-paragraph\"><strong>Restaurantes y bares de sushi<\/strong><\/p>\n<\/li>\n<li>\n<p class=\"ds-markdown-paragraph\"><strong>Empresas de catering y organizadores de eventos<\/strong><\/p>\n<\/li>\n<li>\n<p class=\"ds-markdown-paragraph\"><strong>Camiones de comida y cocinas enfocadas en el reparto a domicilio<\/strong><\/p>\n<\/li>\n<li>\n<p class=\"ds-markdown-paragraph\"><strong>Tiendas de comestibles y supermercados<\/strong>\u00a0con mostradores de sushi<\/p>\n<\/li>\n<\/ul>\n<h2 class=\"ds-markdown-paragraph\"><strong>\u00a0\u00a1Ordene hoy sus cajas de sushi personalizadas!<\/strong><\/h2>\n<p class=\"ds-markdown-paragraph\">\u00bfListo para transformar la presentaci\u00f3n de su sushi y optimizar sus operaciones? Nuestro equipo dedicado est\u00e1 aqu\u00ed para ayudarle a crear la presentaci\u00f3n perfecta.\u00a0<strong>cajas de sushi impresas personalizadas<\/strong>\u00a0que reflejan la excelencia de su marca.<\/p>\n<h2 class=\"ds-markdown-paragraph\"><strong>\u00a0Llamada a la acci\u00f3n<\/strong><\/h2>\n<p><strong>\u00a1Solicite hoy una cotizaci\u00f3n mayorista gratuita y sin compromiso!<\/strong>\u00a0Cont\u00e1ctenos para hablar sobre sus necesidades de tama\u00f1o, personalizaci\u00f3n y volumen. Creemos empaques que sus clientes recordar\u00e1n.<\/p>\n<p>&nbsp;<\/p>\n<p>Gran capacidad con cubierta de pl\u00e1stico de alta transparencia.<\/p>\n<p><img fetchpriority=\"high\" decoding=\"async\" class=\"alignnone size-full wp-image-31517\" src=\"https:\/\/championecopack.com\/wp-content\/uploads\/2025\/10\/\u82f1\u6587_07.avif\" alt=\"\" width=\"748\" height=\"530\" srcset=\"https:\/\/championecopack.com\/wp-content\/uploads\/2025\/10\/\u82f1\u6587_07.avif 748w, https:\/\/championecopack.com\/wp-content\/uploads\/2025\/10\/\u82f1\u6587_07-400x283.avif 400w, https:\/\/championecopack.com\/wp-content\/uploads\/2025\/10\/\u82f1\u6587_07-18x12.avif 18w, https:\/\/championecopack.com\/wp-content\/uploads\/2025\/10\/\u82f1\u6587_07-600x425.avif 600w, https:\/\/championecopack.com\/wp-content\/uploads\/2025\/10\/\u82f1\u6587_07-150x106.avif 150w\" sizes=\"(max-width: 748px) 100vw, 748px\" \/><\/p>\n<p>Revestido de PE resistente al agua y al aceite.<br \/>\nGrueso y resistente, impermeable, nueva opci\u00f3n para comerciantes de reparto.<\/p>\n<p><img decoding=\"async\" class=\"alignnone size-full wp-image-31516\" src=\"https:\/\/championecopack.com\/wp-content\/uploads\/2025\/10\/sushi-boxes-wholesale-11-1.avif\" alt=\"\" width=\"800\" height=\"800\" srcset=\"https:\/\/championecopack.com\/wp-content\/uploads\/2025\/10\/sushi-boxes-wholesale-11-1.avif 800w, https:\/\/championecopack.com\/wp-content\/uploads\/2025\/10\/sushi-boxes-wholesale-11-1-300x300.avif 300w, https:\/\/championecopack.com\/wp-content\/uploads\/2025\/10\/sushi-boxes-wholesale-11-1-150x150.avif 150w, https:\/\/championecopack.com\/wp-content\/uploads\/2025\/10\/sushi-boxes-wholesale-11-1-768x768.avif 768w, https:\/\/championecopack.com\/wp-content\/uploads\/2025\/10\/sushi-boxes-wholesale-11-1-12x12.avif 12w, https:\/\/championecopack.com\/wp-content\/uploads\/2025\/10\/sushi-boxes-wholesale-11-1-600x600.avif 600w\" sizes=\"(max-width: 800px) 100vw, 800px\" \/><\/p>\n<p>&nbsp;<\/p>","protected":false},"excerpt":{"rendered":"<p>Mejore la presentaci\u00f3n y el empaque de su sushi con nuestro servicio de venta al por mayor de cajas de papel premium para sushi. Elaboradas con precisi\u00f3n y dise\u00f1adas para la practicidad, nuestra colecci\u00f3n de cajas de papel para sushi al por mayor combina a la perfecci\u00f3n funcionalidad y est\u00e9tica.<\/p>\n<p>Ideales para restaurantes, empresas de catering y entusiastas del sushi que buscan soluciones a granel, estas cajas garantizan que sus creaciones culinarias no solo se conserven impecablemente, sino que tambi\u00e9n dejen una impresi\u00f3n duradera.<\/p>\n<p>Con una variedad de opciones personalizables, desde tama\u00f1os y colores hasta dise\u00f1os intrincados, estas cajas no solo protegen la frescura de su sushi, sino que tambi\u00e9n sirven como lienzo para su identidad de marca \u00fanica.<\/p>\n<table class=\"text-center\" style=\"width: 36.5248%;\">\n<tbody>\n<tr style=\"height: 26px;\">\n<td class=\"fs20-b\" style=\"width: 19.2376%;\">Cantidad(piezas)<\/td>\n<td class=\"fs20-b\" style=\"width: 16.578%;\">Venta al por mayor por precio<\/td>\n<\/tr>\n<tr style=\"height: 24px;\">\n<td style=\"width: 19.2376%;\">10000<\/td>\n<td style=\"width: 16.578%;\">$0.05<\/td>\n<\/tr>\n<tr style=\"height: 24px;\">\n<td style=\"width: 19.2376%;\">50000<\/td>\n<td style=\"width: 16.578%;\">$0.04<\/td>\n<\/tr>\n<tr style=\"height: 24px;\">\n<td style=\"width: 19.2376%;\">150000<\/td>\n<td style=\"width: 16.578%;\">$0.03<\/td>\n<\/tr>\n<\/tbody>\n<\/table>","protected":false},"featured_media":31514,"comment_status":"open","ping_status":"closed","template":"","meta":[],"product_brand":[],"product_cat":[131,143,155,161],"product_tag":[],"class_list":{"0":"post-31510","1":"product","2":"type-product","3":"status-publish","4":"has-post-thumbnail","6":"product_cat-sushi-shop","7":"product_cat-disposable-food-containers","8":"product_cat-paper-food-boxes","9":"product_cat-sushi-boxes","11":"first","12":"instock","13":"shipping-taxable","14":"product-type-simple"},"_links":{"self":[{"href":"https:\/\/championecopack.com\/es\/wp-json\/wp\/v2\/product\/31510","targetHints":{"allow":["GET"]}}],"collection":[{"href":"https:\/\/championecopack.com\/es\/wp-json\/wp\/v2\/product"}],"about":[{"href":"https:\/\/championecopack.com\/es\/wp-json\/wp\/v2\/types\/product"}],"replies":[{"embeddable":true,"href":"https:\/\/championecopack.com\/es\/wp-json\/wp\/v2\/comments?post=31510"}],"version-history":[{"count":2,"href":"https:\/\/championecopack.com\/es\/wp-json\/wp\/v2\/product\/31510\/revisions"}],"predecessor-version":[{"id":31519,"href":"https:\/\/championecopack.com\/es\/wp-json\/wp\/v2\/product\/31510\/revisions\/31519"}],"wp:featuredmedia":[{"embeddable":true,"href":"https:\/\/championecopack.com\/es\/wp-json\/wp\/v2\/media\/31514"}],"wp:attachment":[{"href":"https:\/\/championecopack.com\/es\/wp-json\/wp\/v2\/media?parent=31510"}],"wp:term":[{"taxonomy":"product_brand","embeddable":true,"href":"https:\/\/championecopack.com\/es\/wp-json\/wp\/v2\/product_brand?post=31510"},{"taxonomy":"product_cat","embeddable":true,"href":"https:\/\/championecopack.com\/es\/wp-json\/wp\/v2\/product_cat?post=31510"},{"taxonomy":"product_tag","embeddable":true,"href":"https:\/\/championecopack.com\/es\/wp-json\/wp\/v2\/product_tag?post=31510"}],"curies":[{"name":"wp","href":"https:\/\/api.w.org\/{rel}","templated":true}]}}